{"id":48414,"date":"2016-03-12T19:37:01","date_gmt":"2016-03-12T18:37:01","guid":{"rendered":"http:\/\/shunrize.com\/blog\/?page_id=48414"},"modified":"2021-05-06T22:32:29","modified_gmt":"2021-05-06T20:32:29","slug":"mentions-legales","status":"publish","type":"page","link":"https:\/\/shunrize.com\/blog\/mentions-legales\/","title":{"rendered":"Mentions L\u00e9gales"},"content":{"rendered":"<p style=\"text-align: justify;\"><strong>Propri\u00e9taire et \u00c9diteur de Shunrize.com<\/strong><\/p>\n<p style=\"text-align: justify;\">VAL\u00c9RIE LEVILAIN-DENISE<\/p>\n<p style=\"text-align: justify;\"><strong>H\u00e9bergement du site Shunrize.com<\/strong><\/p>\n<p style=\"text-align: justify;\">OVH<br \/>\nRCS Lille M\u00e9tropole 424 761 419 00045<br \/>\n2 rue Kellermann 59100 Roubaix<\/p>\n<p style=\"text-align: justify;\"><strong>Propri\u00e9t\u00e9 intellectuelle<\/strong><\/p>\n<p style=\"text-align: justify;\">VAL\u00c9RIE LEVILAIN-DENISE est propri\u00e9taire des droits de propri\u00e9t\u00e9 intellectuelle ou d\u00e9tient les droits d\u2019usage sur tous les \u00e9l\u00e9ments accessibles sur le site, notamment les textes, images, graphismes, logo, ic\u00f4nes, sons, logiciels.<\/p>\n<p>Toute reproduction, repr\u00e9sentation, modification, publication, adaptation de tout ou partie des \u00e9l\u00e9ments de Shunrize.com, quel que soit le moyen ou le proc\u00e9d\u00e9 utilis\u00e9, est interdite, sauf autorisation \u00e9crite pr\u00e9alable de : VAL\u00c9RIE LEVILAIN-DENISE.<\/p>\n<p>Toute exploitation non autoris\u00e9e du site ou de l\u2019un quelconque des \u00e9l\u00e9ments qu\u2019il contient sera consid\u00e9r\u00e9e comme constitutive d\u2019une contrefa\u00e7on et poursuivie conform\u00e9ment aux dispositions des articles L.335-2 et suivants du Code de Propri\u00e9t\u00e9 Intellectuelle.<\/p>\n<p style=\"text-align: justify;\"><strong>Donn\u00e9es Personnelles<\/strong><\/p>\n<p style=\"text-align: justify;\">Les donn\u00e9es personnelles sont notamment prot\u00e9g\u00e9es par la loi n\u00b0 78-87 du 6 janvier 1978, la loi n\u00b0 2004-801 du 6 ao\u00fbt 2004, l\u2019article L. 226-13 du Code p\u00e9nal et la Directive Europ\u00e9enne du 24 octobre 1995.<\/p>\n<p>Shunrize.com ne collecte des informations personnelles relatives \u00e0 l\u2019utilisateur que pour le besoin de certains services propos\u00e9s par le site comme les commentaires. L\u2019utilisateur fournit ces informations en toute connaissance de cause, notamment lorsqu\u2019il proc\u00e8de par lui-m\u00eame \u00e0 leur saisie. Il est alors pr\u00e9cis\u00e9 \u00e0 l\u2019utilisateur l\u2019obligation ou non de fournir ces informations.<\/p>\n<p>Aucune information personnelle de l\u2019utilisateur de shunrize.com n\u2019est publi\u00e9e \u00e0 l\u2019insu de l\u2019utilisateur, \u00e9chang\u00e9e, transf\u00e9r\u00e9e, c\u00e9d\u00e9e ou vendue sur un support quelconque \u00e0 des tiers. D\u00e8s lors, Shunrize.com n\u2019est pas d\u00e9clar\u00e9 \u00e0 la CNIL car il ne recueille pas d\u2019informations personnelles.<\/p>\n<p style=\"text-align: justify;\"><strong>Commentaires<\/strong><\/p>\n<p style=\"text-align: justify;\">Tous les commentaires soumis par les visiteurs sont revus par VAL\u00c9RIE LEVILAIN-DENISE qui est seule juge de leur caract\u00e8re acceptable ou non sans qu\u2019aucune r\u00e9clamation ne soit possible. La validation d\u2019un commentaire n\u2019\u00e9tant jamais d\u00e9finitive, un commentaire d\u00e9j\u00e0 valid\u00e9 peut \u00e0 tout moment \u00eatre retir\u00e9 de Shunrize.com sans qu\u2019aucune r\u00e9clamation ne soit possible. Les commentaire doit se conformer \u00e0 la l\u00e9gislation en vigueur en France. Sont interdits :<\/p>\n<p>\u2013 l\u2019incitation \u00e0 la haine raciale et \u00e0 la discrimination<br \/>\n\u2013 la n\u00e9gation des crimes contre l\u2019humanit\u00e9 et l\u2019apologie de crimes de guerre<br \/>\n\u2013 la diffamation, ce qui porte atteinte \u00e0 l\u2019honneur d\u2019une personne<br \/>\n\u2013 l\u2019incitation au piratage informatique.<\/p>\n<p style=\"text-align: justify;\">VAL\u00c9RIE LEVILAIN-DENISE se r\u00e9serve aussi le droit de supprimer un commentaire si celui-ci est jug\u00e9 trop agressif, grossier ou encore totalement hors sujet. Toute allusion sexiste, homophobe ou raciste sera \u00e9galement effac\u00e9e, tout comme les messages publicitaires, les messages contenant des coordonn\u00e9es priv\u00e9es, une adresse internet, une adresse postale ou e-mail.<\/p>\n<p style=\"text-align: justify;\"><strong>Liens vers des sites tiers<\/strong><\/p>\n<p style=\"text-align: justify;\">Le site peut contenir des liens hypertextes donnant acc\u00e8s \u00e0 d\u2019autres sites web \u00e9dit\u00e9s par des tiers. Shunrize.com ne saurait \u00eatre tenu responsable directement ou indirectement si ces tiers ne respectent pas les dispositions l\u00e9gales et r\u00e9glementaires fran\u00e7aises ou europ\u00e9ennes en vigueur.<\/p>\n<p style=\"text-align: justify;\"><strong>Randonn\u00e9es<\/strong><\/p>\n<p style=\"text-align: justify;\">VAL\u00c9RIE LEVILAIN-DENISE ne sera en aucun cas \u00eatre tenu responsable des probl\u00e8mes que vous pourriez rencontrer lors de votre randonn\u00e9e. Toutes les informations (la distance, la dur\u00e9e estim\u00e9e, etc..) ne sont donn\u00e9es qu&rsquo;\u00e0 titre indicatif. Comme tout bon randonneur, il convient au pr\u00e9alable d&rsquo;\u00e9valuer ses capacit\u00e9s physiques ainsi que la m\u00e9t\u00e9o.<\/p>\n","protected":false},"excerpt":{"rendered":"<p>Propri\u00e9taire et \u00c9diteur de Shunrize.com VAL\u00c9RIE LEVILAIN-DENISE H\u00e9bergement du site Shunrize.com OVH RCS Lille M\u00e9tropole 424 761 419 00045 2 rue Kellermann 59100 Roubaix Propri\u00e9t\u00e9 intellectuelle VAL\u00c9RIE LEVILAIN-DENISE est propri\u00e9taire des droits de propri\u00e9t\u00e9 intellectuelle ou d\u00e9tient les droits d\u2019usage sur tous les \u00e9l\u00e9ments accessibles sur le site, notamment les textes, images, graphismes, logo, ic\u00f4nes, [&hellip;]<\/p>\n","protected":false},"author":1,"featured_media":0,"parent":0,"menu_order":0,"comment_status":"closed","ping_status":"closed","template":"","meta":{"jetpack_post_was_ever_published":false,"csco_post_video_location":[],"csco_post_video_location_hash":"","csco_post_video_url":"","csco_post_video_bg_start_time":0,"csco_post_video_bg_end_time":0,"csco_post_text_color":"","footnotes":""},"class_list":{"0":"post-48414","1":"page","2":"type-page","3":"status-publish","5":"cs-entry","6":"cs-video-wrap"},"aioseo_notices":[],"jetpack-related-posts":[{"id":16246,"url":"https:\/\/shunrize.com\/blog\/a-propos-et-revue-de-presse\/","url_meta":{"origin":48414,"position":0},"title":"A propos et Revue de Presse","author":"Val\u00e9rie Denise","date":"01\/12\/2010","format":false,"excerpt":"Bienvenue \u2661 Moi, c'est Val\u00e9rie. Parisienne de 49 ans, je tiens ce blog depuis 2006. Si j'ai pr\u00eat\u00e9 ma plume \u00e0 divers m\u00e9dias durant une dizaine d'ann\u00e9es, je n'ai jamais cess\u00e9 d'\u00e9crire sur cet espace. Ici, j'ai donn\u00e9 la parole \u00e0 des personnalit\u00e9s inspirantes et partag\u00e9 mes d\u00e9couvertes en mati\u00e8re\u2026","rel":"","context":"Article similaire","block_context":{"text":"Article similaire","link":""},"img":{"alt_text":"","src":"https:\/\/i0.wp.com\/shunrize.com\/blog\/wp-content\/uploads\/2021\/03\/Val-Irlande-2018.jpg?fit=1200%2C800&ssl=1&resize=350%2C200","width":350,"height":200,"srcset":"https:\/\/i0.wp.com\/shunrize.com\/blog\/wp-content\/uploads\/2021\/03\/Val-Irlande-2018.jpg?fit=1200%2C800&ssl=1&resize=350%2C200 1x, https:\/\/i0.wp.com\/shunrize.com\/blog\/wp-content\/uploads\/2021\/03\/Val-Irlande-2018.jpg?fit=1200%2C800&ssl=1&resize=525%2C300 1.5x, https:\/\/i0.wp.com\/shunrize.com\/blog\/wp-content\/uploads\/2021\/03\/Val-Irlande-2018.jpg?fit=1200%2C800&ssl=1&resize=700%2C400 2x, https:\/\/i0.wp.com\/shunrize.com\/blog\/wp-content\/uploads\/2021\/03\/Val-Irlande-2018.jpg?fit=1200%2C800&ssl=1&resize=1050%2C600 3x"},"classes":[]},{"id":60921,"url":"https:\/\/shunrize.com\/blog\/contact\/","url_meta":{"origin":48414,"position":1},"title":"Contact","author":"Val\u00e9rie Denise","date":"20\/11\/2019","format":false,"excerpt":"Des questions ? Des infos \u00e0 me transmettre ? C\u2019est par ici : contact@shunrize.com","rel":"","context":"Article similaire","block_context":{"text":"Article similaire","link":""},"img":{"alt_text":"","src":"","width":0,"height":0},"classes":[]}],"jetpack_sharing_enabled":true,"_links":{"self":[{"href":"https:\/\/shunrize.com\/blog\/wp-json\/wp\/v2\/pages\/48414","targetHints":{"allow":["GET"]}}],"collection":[{"href":"https:\/\/shunrize.com\/blog\/wp-json\/wp\/v2\/pages"}],"about":[{"href":"https:\/\/shunrize.com\/blog\/wp-json\/wp\/v2\/types\/page"}],"author":[{"embeddable":true,"href":"https:\/\/shunrize.com\/blog\/wp-json\/wp\/v2\/users\/1"}],"replies":[{"embeddable":true,"href":"https:\/\/shunrize.com\/blog\/wp-json\/wp\/v2\/comments?post=48414"}],"version-history":[{"count":0,"href":"https:\/\/shunrize.com\/blog\/wp-json\/wp\/v2\/pages\/48414\/revisions"}],"wp:attachment":[{"href":"https:\/\/shunrize.com\/blog\/wp-json\/wp\/v2\/media?parent=48414"}],"curies":[{"name":"wp","href":"https:\/\/api.w.org\/{rel}","templated":true}]}}